{"id":99,"date":"2025-12-09T19:57:08","date_gmt":"2025-12-09T19:57:08","guid":{"rendered":"https:\/\/iskconsaidapet.org\/shop\/?post_type=product&#038;p=99"},"modified":"2026-01-12T00:09:11","modified_gmt":"2026-01-11T18:39:11","slug":"srimad-bhagavatam-first-canto-srimad-bhagavatam-mudal-ka%e1%b9%87%e1%b9%adam","status":"publish","type":"product","link":"https:\/\/iskconsaidapet.org\/shop\/product\/srimad-bhagavatam-first-canto-srimad-bhagavatam-mudal-ka%E1%B9%87%E1%B9%ADam\/","title":{"rendered":"Srimad Bhagavatam First Canto  ( Srimad Bhagavatam Mudal k\u0101\u1e47\u1e6dam )"},"content":{"rendered":"<p><strong data-start=\"0\" data-end=\"35\" data-is-only-node=\"\">\u015ar\u012bmad Bh\u0101gavatam \u2013 First Canto<\/strong> establishes the Absolute Truth as <strong data-start=\"70\" data-end=\"85\">\u015ar\u012b Krishna<\/strong>, the source of everything.<br data-start=\"112\" data-end=\"115\" \/>It introduces <strong data-start=\"129\" data-end=\"165\">pure devotional service (bhakti)<\/strong> as the highest duty of humanity, rejecting all cheating religions.<br data-start=\"232\" data-end=\"235\" \/>Through the examples of <strong data-start=\"259\" data-end=\"313\">Vy\u0101sadeva, \u015aukadeva Gosv\u0101m\u012b, and Mah\u0101r\u0101ja Par\u012bk\u1e63it<\/strong>, it emphasizes the power of <strong data-start=\"342\" data-end=\"366\">hearing and chanting<\/strong>.<br data-start=\"367\" data-end=\"370\" \/>The canto prepares the foundation for understanding the Lord\u2019s pastimes and the message meant especially for <strong data-start=\"479\" data-end=\"492\">Kali-yuga<\/strong>.<\/p>\n","protected":false},"excerpt":{"rendered":"<p><strong data-start=\"0\" data-end=\"35\" data-is-only-node=\"\">\u015ar\u012bmad Bh\u0101gavatam \u2013 First Canto<\/strong> establishes the Absolute Truth as <strong data-start=\"70\" data-end=\"85\">\u015ar\u012b Krishna<\/strong>, the source of everything.<br data-start=\"112\" data-end=\"115\" \/>It introduces <strong data-start=\"129\" data-end=\"165\">pure devotional service (bhakti)<\/strong> as the highest duty of humanity, rejecting all cheating religions.<br data-start=\"232\" data-end=\"235\" \/>Through the examples of <strong data-start=\"259\" data-end=\"313\">Vy\u0101sadeva, \u015aukadeva Gosv\u0101m\u012b, and Mah\u0101r\u0101ja Par\u012bk\u1e63it<\/strong>, it emphasizes the power of <strong data-start=\"342\" data-end=\"366\">hearing and chanting<\/strong>.<br data-start=\"367\" data-end=\"370\" \/>The canto prepares the foundation for understanding the Lord\u2019s pastimes and the message meant especially for <strong data-start=\"479\" data-end=\"492\">Kali-yuga<\/strong>.<\/p>\n","protected":false},"featured_media":620,"comment_status":"open","ping_status":"closed","template":"","meta":[],"product_brand":[],"product_cat":[18],"product_tag":[],"class_list":{"0":"post-99","1":"product","2":"type-product","3":"status-publish","4":"has-post-thumbnail","6":"product_cat-books","8":"first","9":"instock","10":"shipping-taxable","11":"purchasable","12":"product-type-simple"},"_links":{"self":[{"href":"https:\/\/iskconsaidapet.org\/shop\/wp-json\/wp\/v2\/product\/99","targetHints":{"allow":["GET"]}}],"collection":[{"href":"https:\/\/iskconsaidapet.org\/shop\/wp-json\/wp\/v2\/product"}],"about":[{"href":"https:\/\/iskconsaidapet.org\/shop\/wp-json\/wp\/v2\/types\/product"}],"replies":[{"embeddable":true,"href":"https:\/\/iskconsaidapet.org\/shop\/wp-json\/wp\/v2\/comments?post=99"}],"wp:featuredmedia":[{"embeddable":true,"href":"https:\/\/iskconsaidapet.org\/shop\/wp-json\/wp\/v2\/media\/620"}],"wp:attachment":[{"href":"https:\/\/iskconsaidapet.org\/shop\/wp-json\/wp\/v2\/media?parent=99"}],"wp:term":[{"taxonomy":"product_brand","embeddable":true,"href":"https:\/\/iskconsaidapet.org\/shop\/wp-json\/wp\/v2\/product_brand?post=99"},{"taxonomy":"product_cat","embeddable":true,"href":"https:\/\/iskconsaidapet.org\/shop\/wp-json\/wp\/v2\/product_cat?post=99"},{"taxonomy":"product_tag","embeddable":true,"href":"https:\/\/iskconsaidapet.org\/shop\/wp-json\/wp\/v2\/product_tag?post=99"}],"curies":[{"name":"wp","href":"https:\/\/api.w.org\/{rel}","templated":true}]}}