{"id":97,"date":"2025-12-09T19:57:08","date_gmt":"2025-12-09T19:57:08","guid":{"rendered":"https:\/\/iskconsaidapet.org\/shop\/?post_type=product&#038;p=97"},"modified":"2026-01-11T23:58:48","modified_gmt":"2026-01-11T18:28:48","slug":"sri-isopanishad","status":"publish","type":"product","link":"https:\/\/iskconsaidapet.org\/shop\/product\/sri-isopanishad\/","title":{"rendered":"Sri Isopanishad"},"content":{"rendered":"<div class=\"relative basis-auto flex-col -mb-(--composer-overlap-px) [--composer-overlap-px:28px] grow flex\">\n<div class=\"flex flex-col text-sm @w-xl\/main:pt-header-height pb-25\">\n<article class=\"text-token-text-primary w-full focus:outline-none [--shadow-height:45px] has-data-writing-block:pointer-events-none has-data-writing-block:-mt-(--shadow-height) has-data-writing-block:pt-(--shadow-height) [&amp;:has([data-writing-block])&gt;*]:pointer-events-auto [content-visibility:auto] supports-[content-visibility:auto]:[contain-intrinsic-size:auto_100lvh] scroll-mt-[calc(var(--header-height)+min(200px,max(70px,20svh)))]\" dir=\"auto\" tabindex=\"-1\" data-turn-id=\"5fc0f64c-5875-4041-a3ca-4b501ff201f7\" data-testid=\"conversation-turn-2\" data-scroll-anchor=\"true\" data-turn=\"assistant\">\n<div class=\"text-base my-auto mx-auto pb-10 [--thread-content-margin:--spacing(4)] @w-sm\/main:[--thread-content-margin:--spacing(6)] @w-lg\/main:[--thread-content-margin:--spacing(16)] px-(--thread-content-margin)\">\n<div class=\"[--thread-content-max-width:40rem] @w-lg\/main:[--thread-content-max-width:48rem] mx-auto max-w-(--thread-content-max-width) flex-1 group\/turn-messages focus-visible:outline-hidden relative flex w-full min-w-0 flex-col agent-turn\" tabindex=\"-1\">\n<div class=\"flex max-w-full flex-col grow\">\n<div class=\"min-h-8 text-message relative flex w-full flex-col items-end gap-2 text-start break-words whitespace-normal [.text-message+&amp;]:mt-1\" dir=\"auto\" data-message-author-role=\"assistant\" data-message-id=\"893d7287-97b3-4708-8b36-f64c28db910b\" data-message-model-slug=\"gpt-5-2\">\n<div class=\"flex w-full flex-col gap-1 empty:hidden first:pt-[1px]\">\n<div class=\"markdown prose dark:prose-invert w-full break-words light markdown-new-styling\">\n<p data-start=\"527\" data-end=\"567\">The core message of <em data-start=\"547\" data-end=\"563\">\u015ar\u012b \u012a\u015bopani\u1e63ad<\/em> is:<\/p>\n<blockquote data-start=\"568\" data-end=\"685\">\n<p data-start=\"570\" data-end=\"685\"><strong data-start=\"570\" data-end=\"685\">Everything belongs to the Supreme Lord, and one should accept only what is necessary for living, without greed.<\/strong><\/p>\n<\/blockquote>\n<p data-start=\"687\" data-end=\"780\">This Upani\u1e63ad teaches <strong data-start=\"709\" data-end=\"732\">\u012a\u015b\u0101v\u0101sya philosophy<\/strong>\u2014that <strong data-start=\"738\" data-end=\"779\">the Lord pervades and owns everything<\/strong>.<\/p>\n<hr data-start=\"782\" data-end=\"785\" \/>\n<h2 data-start=\"787\" data-end=\"807\"><strong data-start=\"790\" data-end=\"807\">Key Teachings<\/strong><\/h2>\n<h3 data-start=\"809\" data-end=\"855\"><strong data-start=\"813\" data-end=\"855\">1. \u012a\u015b\u0101v\u0101sya \u2013 The Lord Owns Everything<\/strong><\/h3>\n<ul data-start=\"856\" data-end=\"1106\">\n<li data-start=\"856\" data-end=\"937\">\n<p data-start=\"858\" data-end=\"937\">All animate and inanimate objects are controlled and owned by the Supreme Lord.<\/p>\n<\/li>\n<li data-start=\"938\" data-end=\"1019\">\n<p data-start=\"940\" data-end=\"1019\">Humans should not exploit nature but live in <strong data-start=\"985\" data-end=\"1018\">harmony with divine ownership<\/strong>.<\/p>\n<\/li>\n<li data-start=\"1020\" data-end=\"1106\">\n<p data-start=\"1022\" data-end=\"1106\">Renunciation does not mean rejection, but <strong data-start=\"1064\" data-end=\"1105\">using everything in Krishna\u2019s service<\/strong>.<\/p>\n<\/li>\n<\/ul>\n<hr data-start=\"1108\" data-end=\"1111\" \/>\n<h3 data-start=\"1113\" data-end=\"1144\"><strong data-start=\"1117\" data-end=\"1144\">2. Karma and Liberation<\/strong><\/h3>\n<ul data-start=\"1145\" data-end=\"1369\">\n<li data-start=\"1145\" data-end=\"1218\">\n<p data-start=\"1147\" data-end=\"1218\">One should perform prescribed duties <strong data-start=\"1184\" data-end=\"1217\">without attachment to results<\/strong>.<\/p>\n<\/li>\n<li data-start=\"1219\" data-end=\"1283\">\n<p data-start=\"1221\" data-end=\"1283\">Work done in God consciousness <strong data-start=\"1252\" data-end=\"1282\">does not bind one to karma<\/strong>.<\/p>\n<\/li>\n<li data-start=\"1284\" data-end=\"1369\">\n<p data-start=\"1286\" data-end=\"1369\">Avoiding work leads to degradation; spiritual life includes <strong data-start=\"1346\" data-end=\"1368\">responsible action<\/strong>.<\/p>\n<\/li>\n<\/ul>\n<hr data-start=\"1371\" data-end=\"1374\" \/>\n<h3 data-start=\"1376\" data-end=\"1410\"><strong data-start=\"1380\" data-end=\"1410\">3. Knowledge vs. Ignorance<\/strong><\/h3>\n<ul data-start=\"1411\" data-end=\"1611\">\n<li data-start=\"1411\" data-end=\"1460\">\n<p data-start=\"1413\" data-end=\"1460\"><strong data-start=\"1413\" data-end=\"1441\">Material knowledge alone<\/strong> leads to darkness.<\/p>\n<\/li>\n<li data-start=\"1461\" data-end=\"1527\">\n<p data-start=\"1463\" data-end=\"1527\"><strong data-start=\"1463\" data-end=\"1503\">Spiritual knowledge without devotion<\/strong> also leads to illusion.<\/p>\n<\/li>\n<li data-start=\"1528\" data-end=\"1611\">\n<p data-start=\"1530\" data-end=\"1611\">One must understand <strong data-start=\"1550\" data-end=\"1590\">both material and spiritual energies<\/strong>, guided by devotion.<\/p>\n<\/li>\n<\/ul>\n<hr data-start=\"1613\" data-end=\"1616\" \/>\n<h3 data-start=\"1618\" data-end=\"1647\"><strong data-start=\"1622\" data-end=\"1647\">4. The Supreme Person<\/strong><\/h3>\n<ul data-start=\"1648\" data-end=\"1852\">\n<li data-start=\"1648\" data-end=\"1693\">\n<p data-start=\"1650\" data-end=\"1693\">The Absolute Truth is not impersonal alone.<\/p>\n<\/li>\n<li data-start=\"1694\" data-end=\"1780\">\n<p data-start=\"1696\" data-end=\"1780\">The Supreme Lord has <strong data-start=\"1717\" data-end=\"1752\">form, qualities, and activities<\/strong>, yet remains all-pervading.<\/p>\n<\/li>\n<li data-start=\"1781\" data-end=\"1852\">\n<p data-start=\"1783\" data-end=\"1852\">The Lord is beyond material defects but fully conscious and personal.<\/p>\n<\/li>\n<\/ul>\n<hr data-start=\"1854\" data-end=\"1857\" \/>\n<h3 data-start=\"1859\" data-end=\"1886\"><strong data-start=\"1863\" data-end=\"1886\">5. Vidy\u0101 and Avidy\u0101<\/strong><\/h3>\n<ul data-start=\"1887\" data-end=\"2082\">\n<li data-start=\"1887\" data-end=\"1953\">\n<p data-start=\"1889\" data-end=\"1953\"><strong data-start=\"1889\" data-end=\"1911\">Avidy\u0101 (ignorance)<\/strong>: exclusive pursuit of material enjoyment.<\/p>\n<\/li>\n<li data-start=\"1954\" data-end=\"2023\">\n<p data-start=\"1956\" data-end=\"2023\"><strong data-start=\"1956\" data-end=\"1977\">Vidy\u0101 (knowledge)<\/strong>: understanding the soul and the Supreme Lord.<\/p>\n<\/li>\n<li data-start=\"2024\" data-end=\"2082\">\n<p data-start=\"2026\" data-end=\"2082\">Balanced understanding of both leads to <strong data-start=\"2066\" data-end=\"2081\">immortality<\/strong>.<\/p>\n<\/li>\n<\/ul>\n<hr data-start=\"2084\" data-end=\"2087\" \/>\n<h3 data-start=\"2089\" data-end=\"2137\"><strong data-start=\"2093\" data-end=\"2137\">6. Devotion (Bhakti) as the Highest Path<\/strong><\/h3>\n<ul data-start=\"2138\" data-end=\"2317\">\n<li data-start=\"2138\" data-end=\"2205\">\n<p data-start=\"2140\" data-end=\"2205\">Pure devotion is the only means to <strong data-start=\"2175\" data-end=\"2204\">realize the Lord as He is<\/strong>.<\/p>\n<\/li>\n<li data-start=\"2206\" data-end=\"2264\">\n<p data-start=\"2208\" data-end=\"2264\">Rituals and knowledge are incomplete without <strong data-start=\"2253\" data-end=\"2263\">bhakti<\/strong>.<\/p>\n<\/li>\n<li data-start=\"2265\" data-end=\"2317\">\n<p data-start=\"2267\" data-end=\"2317\">The Lord reveals Himself to a surrendered devotee.<\/p>\n<\/li>\n<\/ul>\n<hr data-start=\"2319\" data-end=\"2322\" \/>\n<h3 data-start=\"2324\" data-end=\"2355\"><strong data-start=\"2328\" data-end=\"2355\">7. The Fate of the Soul<\/strong><\/h3>\n<ul data-start=\"2356\" data-end=\"2528\">\n<li data-start=\"2356\" data-end=\"2403\">\n<p data-start=\"2358\" data-end=\"2403\">Those attached to materialism enter darkness.<\/p>\n<\/li>\n<li data-start=\"2404\" data-end=\"2473\">\n<p data-start=\"2406\" data-end=\"2473\">Those who falsely renounce or misunderstand the Absolute also fall.<\/p>\n<\/li>\n<li data-start=\"2474\" data-end=\"2528\">\n<p data-start=\"2476\" data-end=\"2528\">Only devotees reach the <strong data-start=\"2500\" data-end=\"2527\">eternal spiritual realm<\/strong>.<\/p>\n<\/li>\n<\/ul>\n<hr data-start=\"2530\" data-end=\"2533\" \/>\n<h3 data-start=\"2535\" data-end=\"2553\"><strong data-start=\"2539\" data-end=\"2553\">Conclusion<\/strong><\/h3>\n<p data-start=\"2554\" data-end=\"2588\"><em data-start=\"2554\" data-end=\"2570\">\u015ar\u012b \u012a\u015bopani\u1e63ad<\/em> establishes that:<\/p>\n<ul data-start=\"2589\" data-end=\"2697\">\n<li data-start=\"2589\" data-end=\"2616\">\n<p data-start=\"2591\" data-end=\"2616\"><strong data-start=\"2591\" data-end=\"2616\">God is the proprietor<\/strong><\/p>\n<\/li>\n<li data-start=\"2617\" data-end=\"2657\">\n<p data-start=\"2619\" data-end=\"2657\"><strong data-start=\"2619\" data-end=\"2657\">Living beings are eternal servants<\/strong><\/p>\n<\/li>\n<li data-start=\"2658\" data-end=\"2697\">\n<p data-start=\"2660\" data-end=\"2697\"><strong data-start=\"2660\" data-end=\"2697\">Bhakti is the ultimate perfection<\/strong><\/p>\n<\/li>\n<\/ul>\n<p data-start=\"2699\" data-end=\"2814\">It harmonizes <strong data-start=\"2713\" data-end=\"2751\">renunciation, action, and devotion<\/strong>, guiding humanity toward <strong data-start=\"2777\" data-end=\"2813\">peace, knowledge, and liberation<\/strong>.<\/p>\n<hr data-start=\"2816\" data-end=\"2819\" \/>\n<\/div>\n<\/div>\n<\/div>\n<\/div>\n<\/div>\n<\/div>\n<\/article>\n<\/div>\n<\/div>\n","protected":false},"excerpt":{"rendered":"<p data-start=\"214\" data-end=\"499\"><em data-start=\"214\" data-end=\"230\">\u015ar\u012b \u012a\u015bopani\u1e63ad<\/em> is one of the <strong data-start=\"245\" data-end=\"272\">108 principal Upani\u1e63ads<\/strong> and forms part of the <strong data-start=\"295\" data-end=\"315\">\u015aukla Yajur Veda<\/strong>. It presents the <strong data-start=\"333\" data-end=\"360\">essence of Vedic wisdom<\/strong> in just <strong data-start=\"369\" data-end=\"383\">18 mantras<\/strong>, focusing on the relationship between <strong data-start=\"422\" data-end=\"498\">the Supreme Lord (\u012a\u015ba), the living entities (j\u012bvas), and material nature<\/strong>.<\/p>\n","protected":false},"featured_media":614,"comment_status":"open","ping_status":"closed","template":"","meta":[],"product_brand":[],"product_cat":[18],"product_tag":[],"class_list":{"0":"post-97","1":"product","2":"type-product","3":"status-publish","4":"has-post-thumbnail","6":"product_cat-books","8":"first","9":"instock","10":"shipping-taxable","11":"purchasable","12":"product-type-simple"},"_links":{"self":[{"href":"https:\/\/iskconsaidapet.org\/shop\/wp-json\/wp\/v2\/product\/97","targetHints":{"allow":["GET"]}}],"collection":[{"href":"https:\/\/iskconsaidapet.org\/shop\/wp-json\/wp\/v2\/product"}],"about":[{"href":"https:\/\/iskconsaidapet.org\/shop\/wp-json\/wp\/v2\/types\/product"}],"replies":[{"embeddable":true,"href":"https:\/\/iskconsaidapet.org\/shop\/wp-json\/wp\/v2\/comments?post=97"}],"wp:featuredmedia":[{"embeddable":true,"href":"https:\/\/iskconsaidapet.org\/shop\/wp-json\/wp\/v2\/media\/614"}],"wp:attachment":[{"href":"https:\/\/iskconsaidapet.org\/shop\/wp-json\/wp\/v2\/media?parent=97"}],"wp:term":[{"taxonomy":"product_brand","embeddable":true,"href":"https:\/\/iskconsaidapet.org\/shop\/wp-json\/wp\/v2\/product_brand?post=97"},{"taxonomy":"product_cat","embeddable":true,"href":"https:\/\/iskconsaidapet.org\/shop\/wp-json\/wp\/v2\/product_cat?post=97"},{"taxonomy":"product_tag","embeddable":true,"href":"https:\/\/iskconsaidapet.org\/shop\/wp-json\/wp\/v2\/product_tag?post=97"}],"curies":[{"name":"wp","href":"https:\/\/api.w.org\/{rel}","templated":true}]}}