{"id":95,"date":"2025-12-09T19:57:08","date_gmt":"2025-12-09T19:57:08","guid":{"rendered":"https:\/\/iskconsaidapet.org\/shop\/?post_type=product&#038;p=95"},"modified":"2026-01-12T00:01:03","modified_gmt":"2026-01-11T18:31:03","slug":"sri-caitanya-caritamrta-9-volume-set","status":"publish","type":"product","link":"https:\/\/iskconsaidapet.org\/shop\/product\/sri-caitanya-caritamrta-9-volume-set\/","title":{"rendered":"Sri Caitanya Caritamrta ( 9 Volume Set)"},"content":{"rendered":"<p>The work is based on the original Bengali text by K\u1e5b\u1e63\u1e47ad\u0101sa Kavir\u0101ja Gosv\u0101m\u012b.<br \/>\nIt describes Lord Caitanya\u2019s life, pastimes, and divine mission in detail.<br \/>\nThe books explain the science of love of Godhead (prema-bhakti).<br \/>\nComplex Vedic philosophy is made accessible through purports and explanations.<br \/>\nThe set includes \u0100di-l\u012bl\u0101, Madhya-l\u012bl\u0101, and Antya-l\u012bl\u0101.<br \/>\nEach volume offers deep scriptural insight and devotional inspiration.<br \/>\nEssential for serious students of Gaudiya Vaishnavism.<br \/>\nIdeal for daily study and contemplation.<br \/>\nGuides readers toward pure devotional service.<br \/>\nPreserves the original teachings of the Six Goswamis.<br \/>\nA cornerstone of ISKCON\u2019s philosophical foundation.<br \/>\nA treasured addition to any spiritual\u00a0library.<\/p>\n","protected":false},"excerpt":{"rendered":"<p>\u015ar\u012b Caitanya-carit\u0101m\u1e5bta is the definitive biography and philosophical record of \u015ar\u012b Caitanya Mah\u0101prabhu, the golden incarnation of Lord Krishna. This 9-volume set, translated and explained by \u015ar\u012bla A. C. Bhaktivedanta Swami Prabhup\u0101da, presents profound spiritual truths with unmatched clarity. It reveals the deepest teachings of bhakti-yoga and congregational chanting of the holy names.<\/p>\n","protected":false},"featured_media":611,"comment_status":"open","ping_status":"closed","template":"","meta":[],"product_brand":[],"product_cat":[18],"product_tag":[],"class_list":{"0":"post-95","1":"product","2":"type-product","3":"status-publish","4":"has-post-thumbnail","6":"product_cat-books","8":"first","9":"instock","10":"shipping-taxable","11":"purchasable","12":"product-type-simple"},"_links":{"self":[{"href":"https:\/\/iskconsaidapet.org\/shop\/wp-json\/wp\/v2\/product\/95","targetHints":{"allow":["GET"]}}],"collection":[{"href":"https:\/\/iskconsaidapet.org\/shop\/wp-json\/wp\/v2\/product"}],"about":[{"href":"https:\/\/iskconsaidapet.org\/shop\/wp-json\/wp\/v2\/types\/product"}],"replies":[{"embeddable":true,"href":"https:\/\/iskconsaidapet.org\/shop\/wp-json\/wp\/v2\/comments?post=95"}],"wp:featuredmedia":[{"embeddable":true,"href":"https:\/\/iskconsaidapet.org\/shop\/wp-json\/wp\/v2\/media\/611"}],"wp:attachment":[{"href":"https:\/\/iskconsaidapet.org\/shop\/wp-json\/wp\/v2\/media?parent=95"}],"wp:term":[{"taxonomy":"product_brand","embeddable":true,"href":"https:\/\/iskconsaidapet.org\/shop\/wp-json\/wp\/v2\/product_brand?post=95"},{"taxonomy":"product_cat","embeddable":true,"href":"https:\/\/iskconsaidapet.org\/shop\/wp-json\/wp\/v2\/product_cat?post=95"},{"taxonomy":"product_tag","embeddable":true,"href":"https:\/\/iskconsaidapet.org\/shop\/wp-json\/wp\/v2\/product_tag?post=95"}],"curies":[{"name":"wp","href":"https:\/\/api.w.org\/{rel}","templated":true}]}}