{"id":94,"date":"2025-12-09T19:57:08","date_gmt":"2025-12-09T19:57:08","guid":{"rendered":"https:\/\/iskconsaidapet.org\/shop\/?post_type=product&#038;p=94"},"modified":"2026-01-12T00:12:42","modified_gmt":"2026-01-11T18:42:42","slug":"raja-vidya-the-king-of-knowledge-a%e1%b9%9fivi%e1%b9%89-arasa%e1%b9%89-2","status":"publish","type":"product","link":"https:\/\/iskconsaidapet.org\/shop\/product\/raja-vidya-the-king-of-knowledge-a%E1%B9%9Fivi%E1%B9%89-arasa%E1%B9%89-2\/","title":{"rendered":"Raja-vidya: The King of Knowledge (A\u1e5fivi\u1e49 arasa\u1e49)"},"content":{"rendered":"<p>This book reveals how one can understand God, the soul, and the purpose of life through devotion, not mere intellectual effort. It emphasizes that devotional service is joyful, eternal, and accessible to everyone, regardless of background. Ideal for beginners and serious spiritual seekers alike, Raja-vidya inspires readers to live a conscious, meaningful life centered on Krishna.<\/p>\n<p>A perfect introduction to Krishna consciousness and a valuable addition to any spiritual\u00a0library.<\/p>\n","protected":false},"excerpt":{"rendered":"<p>Raja-vidya: The King of Knowledge (A\u1e5fivi\u1e49 Arasa\u1e49)<\/p>\n<p>Raja-vidya: The King of Knowledge presents the essence of spiritual wisdom as taught by \u015ar\u012b Krishna in the Ninth Chapter of the Bhagavad-g\u012bt\u0101. In this concise yet profound book, \u015ar\u012bla Prabhup\u0101da explains the most confidential knowledge\u2014pure devotional service (bhakti-yoga)\u2014in a simple and practical way suitable for modern readers.<\/p>\n<p>&nbsp;<\/p>\n","protected":false},"featured_media":609,"comment_status":"open","ping_status":"closed","template":"","meta":[],"product_brand":[],"product_cat":[18],"product_tag":[],"class_list":{"0":"post-94","1":"product","2":"type-product","3":"status-publish","4":"has-post-thumbnail","6":"product_cat-books","8":"first","9":"instock","10":"shipping-taxable","11":"purchasable","12":"product-type-simple"},"_links":{"self":[{"href":"https:\/\/iskconsaidapet.org\/shop\/wp-json\/wp\/v2\/product\/94","targetHints":{"allow":["GET"]}}],"collection":[{"href":"https:\/\/iskconsaidapet.org\/shop\/wp-json\/wp\/v2\/product"}],"about":[{"href":"https:\/\/iskconsaidapet.org\/shop\/wp-json\/wp\/v2\/types\/product"}],"replies":[{"embeddable":true,"href":"https:\/\/iskconsaidapet.org\/shop\/wp-json\/wp\/v2\/comments?post=94"}],"wp:featuredmedia":[{"embeddable":true,"href":"https:\/\/iskconsaidapet.org\/shop\/wp-json\/wp\/v2\/media\/609"}],"wp:attachment":[{"href":"https:\/\/iskconsaidapet.org\/shop\/wp-json\/wp\/v2\/media?parent=94"}],"wp:term":[{"taxonomy":"product_brand","embeddable":true,"href":"https:\/\/iskconsaidapet.org\/shop\/wp-json\/wp\/v2\/product_brand?post=94"},{"taxonomy":"product_cat","embeddable":true,"href":"https:\/\/iskconsaidapet.org\/shop\/wp-json\/wp\/v2\/product_cat?post=94"},{"taxonomy":"product_tag","embeddable":true,"href":"https:\/\/iskconsaidapet.org\/shop\/wp-json\/wp\/v2\/product_tag?post=94"}],"curies":[{"name":"wp","href":"https:\/\/api.w.org\/{rel}","templated":true}]}}