{"id":89,"date":"2025-12-09T19:57:08","date_gmt":"2025-12-09T19:57:08","guid":{"rendered":"https:\/\/iskconsaidapet.org\/shop\/?post_type=product&#038;p=89"},"modified":"2026-01-11T23:46:46","modified_gmt":"2026-01-11T18:16:46","slug":"life-comes-from-life-uyiriliruntu-uyir-to%e1%b9%89%e1%b9%9fuki%e1%b9%9fatu","status":"publish","type":"product","link":"https:\/\/iskconsaidapet.org\/shop\/product\/life-comes-from-life-uyiriliruntu-uyir-to%E1%B9%89%E1%B9%9Fuki%E1%B9%9Fatu\/","title":{"rendered":"Life Comes From Life (Uyiriliruntu uyir t\u014d\u1e49\u1e5fuki\u1e5fatu)"},"content":{"rendered":"<p>This book firmly establishes that <strong data-start=\"302\" data-end=\"336\">life originates only from life<\/strong>, not from matter or chemicals. \u015ar\u012bla Prabhup\u0101da refutes modern materialistic theories that claim life comes from dead matter, using logic, science, and Vedic wisdom. It explains that the <strong data-start=\"524\" data-end=\"546\">living soul (\u0101tm\u0101)<\/strong> is the source of consciousness and life. Ultimately, all life comes from the <strong data-start=\"624\" data-end=\"662\">Supreme Living Being, Lord Krishna<\/strong>.<\/p>\n","protected":false},"excerpt":{"rendered":"<p>This book firmly establishes that <strong data-start=\"302\" data-end=\"336\">life originates only from life<\/strong>, not from matter or chemicals. \u015ar\u012bla Prabhup\u0101da refutes modern materialistic theories that claim life comes from dead matter, using logic, science, and Vedic wisdom.<\/p>\n","protected":false},"featured_media":607,"comment_status":"open","ping_status":"closed","template":"","meta":[],"product_brand":[],"product_cat":[18],"product_tag":[],"class_list":{"0":"post-89","1":"product","2":"type-product","3":"status-publish","4":"has-post-thumbnail","6":"product_cat-books","8":"first","9":"instock","10":"shipping-taxable","11":"purchasable","12":"product-type-simple"},"_links":{"self":[{"href":"https:\/\/iskconsaidapet.org\/shop\/wp-json\/wp\/v2\/product\/89","targetHints":{"allow":["GET"]}}],"collection":[{"href":"https:\/\/iskconsaidapet.org\/shop\/wp-json\/wp\/v2\/product"}],"about":[{"href":"https:\/\/iskconsaidapet.org\/shop\/wp-json\/wp\/v2\/types\/product"}],"replies":[{"embeddable":true,"href":"https:\/\/iskconsaidapet.org\/shop\/wp-json\/wp\/v2\/comments?post=89"}],"wp:featuredmedia":[{"embeddable":true,"href":"https:\/\/iskconsaidapet.org\/shop\/wp-json\/wp\/v2\/media\/607"}],"wp:attachment":[{"href":"https:\/\/iskconsaidapet.org\/shop\/wp-json\/wp\/v2\/media?parent=89"}],"wp:term":[{"taxonomy":"product_brand","embeddable":true,"href":"https:\/\/iskconsaidapet.org\/shop\/wp-json\/wp\/v2\/product_brand?post=89"},{"taxonomy":"product_cat","embeddable":true,"href":"https:\/\/iskconsaidapet.org\/shop\/wp-json\/wp\/v2\/product_cat?post=89"},{"taxonomy":"product_tag","embeddable":true,"href":"https:\/\/iskconsaidapet.org\/shop\/wp-json\/wp\/v2\/product_tag?post=89"}],"curies":[{"name":"wp","href":"https:\/\/api.w.org\/{rel}","templated":true}]}}