{"id":88,"date":"2025-12-09T19:57:08","date_gmt":"2025-12-09T19:57:08","guid":{"rendered":"https:\/\/iskconsaidapet.org\/shop\/?post_type=product&#038;p=88"},"modified":"2025-12-21T16:05:15","modified_gmt":"2025-12-21T10:35:15","slug":"krsna-consciousness-the-matchless-gift-kr%e1%b9%a3%e1%b9%87a-u%e1%b9%87arvu-i%e1%b9%adu-i%e1%b9%87aiya%e1%b9%9f%e1%b9%9fa-varam","status":"publish","type":"product","link":"https:\/\/iskconsaidapet.org\/shop\/product\/krsna-consciousness-the-matchless-gift-kr%e1%b9%a3%e1%b9%87a-u%e1%b9%87arvu-i%e1%b9%adu-i%e1%b9%87aiya%e1%b9%9f%e1%b9%9fa-varam\/","title":{"rendered":"Krsna Consciousness: The Matchless Gift  (Kr\u1e63\u1e47a u\u1e47arvu \u012a\u1e6du i\u1e47aiya\u1e5f\u1e5fa varam)"},"content":{"rendered":"<p>This book explains that <strong data-start=\"336\" data-end=\"380\">K\u1e5b\u1e63\u1e47a consciousness is the greatest gift<\/strong> to humanity because it awakens the soul\u2019s original loving relationship with Krishna. Unlike material achievements, this gift brings <strong data-start=\"513\" data-end=\"558\">permanent peace, knowledge, and happiness<\/strong>. \u015ar\u012bla Prabhup\u0101da shows that chanting the holy name and practicing bhakti are simple yet powerful means for spiritual realization. The book emphasizes that this divine gift can be shared freely with everyone.<\/p>\n","protected":false},"excerpt":{"rendered":"<p>This book explains that <strong data-start=\"336\" data-end=\"380\">K\u1e5b\u1e63\u1e47a consciousness is the greatest gift<\/strong> to humanity because it awakens the soul\u2019s original loving relationship with Krishna. Unlike material achievements, this gift brings <strong data-start=\"513\" data-end=\"558\">permanent peace, knowledge, and happiness<\/strong>.<\/p>\n","protected":false},"featured_media":457,"comment_status":"open","ping_status":"closed","template":"","meta":[],"product_brand":[],"product_cat":[18],"product_tag":[],"class_list":{"0":"post-88","1":"product","2":"type-product","3":"status-publish","4":"has-post-thumbnail","6":"product_cat-books","8":"first","9":"instock","10":"shipping-taxable","11":"purchasable","12":"product-type-simple"},"_links":{"self":[{"href":"https:\/\/iskconsaidapet.org\/shop\/wp-json\/wp\/v2\/product\/88","targetHints":{"allow":["GET"]}}],"collection":[{"href":"https:\/\/iskconsaidapet.org\/shop\/wp-json\/wp\/v2\/product"}],"about":[{"href":"https:\/\/iskconsaidapet.org\/shop\/wp-json\/wp\/v2\/types\/product"}],"replies":[{"embeddable":true,"href":"https:\/\/iskconsaidapet.org\/shop\/wp-json\/wp\/v2\/comments?post=88"}],"wp:featuredmedia":[{"embeddable":true,"href":"https:\/\/iskconsaidapet.org\/shop\/wp-json\/wp\/v2\/media\/457"}],"wp:attachment":[{"href":"https:\/\/iskconsaidapet.org\/shop\/wp-json\/wp\/v2\/media?parent=88"}],"wp:term":[{"taxonomy":"product_brand","embeddable":true,"href":"https:\/\/iskconsaidapet.org\/shop\/wp-json\/wp\/v2\/product_brand?post=88"},{"taxonomy":"product_cat","embeddable":true,"href":"https:\/\/iskconsaidapet.org\/shop\/wp-json\/wp\/v2\/product_cat?post=88"},{"taxonomy":"product_tag","embeddable":true,"href":"https:\/\/iskconsaidapet.org\/shop\/wp-json\/wp\/v2\/product_tag?post=88"}],"curies":[{"name":"wp","href":"https:\/\/api.w.org\/{rel}","templated":true}]}}