{"id":77,"date":"2025-12-09T19:57:07","date_gmt":"2025-12-09T19:57:07","guid":{"rendered":"https:\/\/iskconsaidapet.org\/shop\/?post_type=product&#038;p=77"},"modified":"2026-01-12T00:27:44","modified_gmt":"2026-01-11T18:57:44","slug":"srimad-bhagavatam-18-volume-set","status":"publish","type":"product","link":"https:\/\/iskconsaidapet.org\/shop\/product\/srimad-bhagavatam-18-volume-set\/","title":{"rendered":"Srimad Bhagavatam 18 Volume Set"},"content":{"rendered":"<p><strong data-start=\"0\" data-end=\"37\" data-is-only-node=\"\">\u015ar\u012bmad Bh\u0101gavatam (18-Volume Set)<\/strong> is the complete exposition of <strong data-start=\"68\" data-end=\"104\">pure devotional service (bhakti)<\/strong> centered on Lord <strong data-start=\"122\" data-end=\"137\">\u015ar\u012b Krishna<\/strong> as the Supreme Absolute Truth. Across twelve cantos, it explains creation, cosmology, incarnations, and the lives of great devotees.<br data-start=\"272\" data-end=\"275\" \/>The work emphasizes <strong data-start=\"295\" data-end=\"319\">hearing and chanting<\/strong> as the primary means of spiritual realization in Kali-yuga.<br data-start=\"379\" data-end=\"382\" \/>It culminates in K\u1e5b\u1e63\u1e47a\u2019s intimate pastimes, revealing the <strong data-start=\"440\" data-end=\"486\">highest goal of love of God (prema-bhakti)<\/strong>.<\/p>\n","protected":false},"excerpt":{"rendered":"<p><strong data-start=\"0\" data-end=\"37\" data-is-only-node=\"\">\u015ar\u012bmad Bh\u0101gavatam (18-Volume Set)<\/strong> is the complete exposition of <strong data-start=\"68\" data-end=\"104\">pure devotional service (bhakti)<\/strong> centered on Lord <strong data-start=\"122\" data-end=\"137\">\u015ar\u012b Krishna<\/strong> as the Supreme Absolute Truth. Across twelve cantos, it explains creation, cosmology, incarnations, and the lives of great devotees.<br data-start=\"272\" data-end=\"275\" \/>The work emphasizes <strong data-start=\"295\" data-end=\"319\">hearing and chanting<\/strong> as the primary means of spiritual realization in Kali-yuga.<br data-start=\"379\" data-end=\"382\" \/>It culminates in K\u1e5b\u1e63\u1e47a\u2019s intimate pastimes, revealing the <strong data-start=\"440\" data-end=\"486\">highest goal of love of God (prema-bhakti)<\/strong>.<\/p>\n","protected":false},"featured_media":627,"comment_status":"open","ping_status":"closed","template":"","meta":[],"product_brand":[],"product_cat":[18],"product_tag":[],"class_list":{"0":"post-77","1":"product","2":"type-product","3":"status-publish","4":"has-post-thumbnail","6":"product_cat-books","8":"first","9":"instock","10":"shipping-taxable","11":"purchasable","12":"product-type-simple"},"_links":{"self":[{"href":"https:\/\/iskconsaidapet.org\/shop\/wp-json\/wp\/v2\/product\/77","targetHints":{"allow":["GET"]}}],"collection":[{"href":"https:\/\/iskconsaidapet.org\/shop\/wp-json\/wp\/v2\/product"}],"about":[{"href":"https:\/\/iskconsaidapet.org\/shop\/wp-json\/wp\/v2\/types\/product"}],"replies":[{"embeddable":true,"href":"https:\/\/iskconsaidapet.org\/shop\/wp-json\/wp\/v2\/comments?post=77"}],"wp:featuredmedia":[{"embeddable":true,"href":"https:\/\/iskconsaidapet.org\/shop\/wp-json\/wp\/v2\/media\/627"}],"wp:attachment":[{"href":"https:\/\/iskconsaidapet.org\/shop\/wp-json\/wp\/v2\/media?parent=77"}],"wp:term":[{"taxonomy":"product_brand","embeddable":true,"href":"https:\/\/iskconsaidapet.org\/shop\/wp-json\/wp\/v2\/product_brand?post=77"},{"taxonomy":"product_cat","embeddable":true,"href":"https:\/\/iskconsaidapet.org\/shop\/wp-json\/wp\/v2\/product_cat?post=77"},{"taxonomy":"product_tag","embeddable":true,"href":"https:\/\/iskconsaidapet.org\/shop\/wp-json\/wp\/v2\/product_tag?post=77"}],"curies":[{"name":"wp","href":"https:\/\/api.w.org\/{rel}","templated":true}]}}