{"id":414,"date":"2025-12-17T14:03:16","date_gmt":"2025-12-17T08:33:16","guid":{"rendered":"https:\/\/iskconsaidapet.org\/shop\/?post_type=product&#038;p=414"},"modified":"2026-01-10T00:44:00","modified_gmt":"2026-01-09T19:14:00","slug":"krishnar","status":"publish","type":"product","link":"https:\/\/iskconsaidapet.org\/shop\/product\/krishnar\/","title":{"rendered":"Krishnar"},"content":{"rendered":"<p data-start=\"359\" data-end=\"510\">The <em data-start=\"363\" data-end=\"377\">Krishna Book<\/em> is a <strong data-start=\"383\" data-end=\"408\">story-style narration<\/strong> of <strong data-start=\"412\" data-end=\"454\">Lord Krishna\u2019s divine pastimes (l\u012bl\u0101s)<\/strong>, written for easy understanding and devotional reading.<\/p>\n<h3 data-start=\"512\" data-end=\"532\">\ud83d\udd39 Main Contents<\/h3>\n<ul data-start=\"533\" data-end=\"997\">\n<li data-start=\"533\" data-end=\"610\">\n<p data-start=\"535\" data-end=\"610\"><strong data-start=\"535\" data-end=\"562\">Divine birth of Krishna<\/strong> in Mathura and His protection from King Kamsa<\/p>\n<\/li>\n<li data-start=\"611\" data-end=\"722\">\n<p data-start=\"613\" data-end=\"722\"><strong data-start=\"613\" data-end=\"648\">Childhood pastimes in Vrindavan<\/strong> \u2014 lifting Govardhana Hill, killing demons like P\u016btan\u0101, K\u0101liya, Agh\u0101sura<\/p>\n<\/li>\n<li data-start=\"723\" data-end=\"824\">\n<p data-start=\"725\" data-end=\"824\"><strong data-start=\"725\" data-end=\"753\">Krishna as a cowherd boy<\/strong>, playing with friends and calves, showing His sweetness (<em data-start=\"811\" data-end=\"821\">m\u0101dhurya<\/em>)<\/p>\n<\/li>\n<li data-start=\"825\" data-end=\"904\">\n<p data-start=\"827\" data-end=\"904\"><strong data-start=\"827\" data-end=\"860\">R\u0101sa-l\u012bl\u0101 and gop\u012bs\u2019 devotion<\/strong>, illustrating pure, selfless love for God<\/p>\n<\/li>\n<li data-start=\"905\" data-end=\"997\">\n<p data-start=\"907\" data-end=\"997\"><strong data-start=\"907\" data-end=\"925\">Later pastimes<\/strong> \u2014 Mathura and Dv\u0101rak\u0101, defeat of Kamsa, role as protector of devotees<\/p>\n<\/li>\n<\/ul>\n<h3 data-start=\"999\" data-end=\"1025\"><\/h3>\n","protected":false},"excerpt":{"rendered":"<p>The <em data-start=\"363\" data-end=\"377\">Krishna Book<\/em> is a <strong data-start=\"383\" data-end=\"408\">story-style narration<\/strong> of <strong data-start=\"412\" data-end=\"454\">Lord Krishna\u2019s divine pastimes (l\u012bl\u0101s)<\/strong>, written for easy understanding and devotional reading.<\/p>\n","protected":false},"featured_media":552,"comment_status":"closed","ping_status":"closed","template":"","meta":[],"product_brand":[],"product_cat":[18],"product_tag":[],"class_list":{"0":"post-414","1":"product","2":"type-product","3":"status-publish","4":"has-post-thumbnail","6":"product_cat-books","8":"first","9":"instock","10":"shipping-taxable","11":"product-type-simple"},"_links":{"self":[{"href":"https:\/\/iskconsaidapet.org\/shop\/wp-json\/wp\/v2\/product\/414","targetHints":{"allow":["GET"]}}],"collection":[{"href":"https:\/\/iskconsaidapet.org\/shop\/wp-json\/wp\/v2\/product"}],"about":[{"href":"https:\/\/iskconsaidapet.org\/shop\/wp-json\/wp\/v2\/types\/product"}],"replies":[{"embeddable":true,"href":"https:\/\/iskconsaidapet.org\/shop\/wp-json\/wp\/v2\/comments?post=414"}],"wp:featuredmedia":[{"embeddable":true,"href":"https:\/\/iskconsaidapet.org\/shop\/wp-json\/wp\/v2\/media\/552"}],"wp:attachment":[{"href":"https:\/\/iskconsaidapet.org\/shop\/wp-json\/wp\/v2\/media?parent=414"}],"wp:term":[{"taxonomy":"product_brand","embeddable":true,"href":"https:\/\/iskconsaidapet.org\/shop\/wp-json\/wp\/v2\/product_brand?post=414"},{"taxonomy":"product_cat","embeddable":true,"href":"https:\/\/iskconsaidapet.org\/shop\/wp-json\/wp\/v2\/product_cat?post=414"},{"taxonomy":"product_tag","embeddable":true,"href":"https:\/\/iskconsaidapet.org\/shop\/wp-json\/wp\/v2\/product_tag?post=414"}],"curies":[{"name":"wp","href":"https:\/\/api.w.org\/{rel}","templated":true}]}}