{"id":310,"date":"2025-12-14T06:52:15","date_gmt":"2025-12-14T01:22:15","guid":{"rendered":"https:\/\/iskconsaidapet.org\/shop\/?post_type=product&#038;p=310"},"modified":"2026-01-10T00:45:14","modified_gmt":"2026-01-09T19:15:14","slug":"the-path-of-perfection","status":"publish","type":"product","link":"https:\/\/iskconsaidapet.org\/shop\/product\/the-path-of-perfection\/","title":{"rendered":"The Path of Perfection"},"content":{"rendered":"<p>This book explains the <strong data-start=\"223\" data-end=\"250\">true goal of human life<\/strong> and the practical path to achieve perfection through <strong data-start=\"304\" data-end=\"319\">bhakti-yoga<\/strong>. \u015ar\u012bla Prabhup\u0101da shows that real perfection is not material success but <strong data-start=\"393\" data-end=\"445\">reviving one\u2019s eternal relationship with Krishna<\/strong>. By chanting the Hare Krishna mantra and following devotional principles, one can overcome illusion and attain liberation. The book emphasizes that <strong data-start=\"594\" data-end=\"613\">simple devotion<\/strong>, practiced sincerely, leads to the highest perfection.<\/p>\n","protected":false},"excerpt":{"rendered":"<p>This book explains the <strong data-start=\"223\" data-end=\"250\">true goal of human life<\/strong> and the practical path to achieve perfection through <strong data-start=\"304\" data-end=\"319\">bhakti-yoga<\/strong>. \u015ar\u012bla Prabhup\u0101da shows that real perfection is not material success but <strong data-start=\"393\" data-end=\"445\">reviving one\u2019s eternal relationship with Krishna<\/strong>.<\/p>\n","protected":false},"featured_media":553,"comment_status":"open","ping_status":"closed","template":"","meta":[],"product_brand":[],"product_cat":[18],"product_tag":[],"class_list":{"0":"post-310","1":"product","2":"type-product","3":"status-publish","4":"has-post-thumbnail","6":"product_cat-books","8":"first","9":"instock","10":"shipping-taxable","11":"purchasable","12":"product-type-simple"},"_links":{"self":[{"href":"https:\/\/iskconsaidapet.org\/shop\/wp-json\/wp\/v2\/product\/310","targetHints":{"allow":["GET"]}}],"collection":[{"href":"https:\/\/iskconsaidapet.org\/shop\/wp-json\/wp\/v2\/product"}],"about":[{"href":"https:\/\/iskconsaidapet.org\/shop\/wp-json\/wp\/v2\/types\/product"}],"replies":[{"embeddable":true,"href":"https:\/\/iskconsaidapet.org\/shop\/wp-json\/wp\/v2\/comments?post=310"}],"wp:featuredmedia":[{"embeddable":true,"href":"https:\/\/iskconsaidapet.org\/shop\/wp-json\/wp\/v2\/media\/553"}],"wp:attachment":[{"href":"https:\/\/iskconsaidapet.org\/shop\/wp-json\/wp\/v2\/media?parent=310"}],"wp:term":[{"taxonomy":"product_brand","embeddable":true,"href":"https:\/\/iskconsaidapet.org\/shop\/wp-json\/wp\/v2\/product_brand?post=310"},{"taxonomy":"product_cat","embeddable":true,"href":"https:\/\/iskconsaidapet.org\/shop\/wp-json\/wp\/v2\/product_cat?post=310"},{"taxonomy":"product_tag","embeddable":true,"href":"https:\/\/iskconsaidapet.org\/shop\/wp-json\/wp\/v2\/product_tag?post=310"}],"curies":[{"name":"wp","href":"https:\/\/api.w.org\/{rel}","templated":true}]}}