{"id":114,"date":"2025-12-09T19:57:16","date_gmt":"2025-12-09T19:57:16","guid":{"rendered":"https:\/\/iskconsaidapet.org\/shop\/?post_type=product&#038;p=114"},"modified":"2026-01-10T00:57:07","modified_gmt":"2026-01-09T19:27:07","slug":"the-nectar-of-devotion-bhakti-rasamrita-sindhu","status":"publish","type":"product","link":"https:\/\/iskconsaidapet.org\/shop\/product\/the-nectar-of-devotion-bhakti-rasamrita-sindhu\/","title":{"rendered":"The Nectar of Devotion ( Bhakti Rasamrita Sindhu)"},"content":{"rendered":"<p><em>Bhakti-ras\u0101m\u1e5bta-sindhu<\/em>\u00a0(The Ocean of the Nectar of Devotion) by \u015ar\u012bla R\u016bpa Gosv\u0101m\u012b is\u00a0a foundational Sanskrit text in\u00a0<a href=\"https:\/\/www.google.com\/search?q=Gaudiya+Vaishnavism&amp;rlz=1C1CHBF_enIN1179IN1180&amp;oq=&amp;gs_lcrp=EgZjaHJvbWUqCQgAECMYJxjqAjIJCAAQIxgnGOoCMg8IARAjGCcY6gIYgAQYigUyDwgCECMYJxjqAhiABBiKBTIJCAMQIxgnGOoCMg8IBBAuGCcY6gIYgAQYigUyDwgFECMYJxjqAhiABBiKBTIPCAYQIxgnGOoCGIAEGIoFMg8IBxAjGCcY6gIYgAQYigXSAQkxMDk1ajBqMTWoAgiwAgHxBbRIEejUBdd0&amp;sourceid=chrome&amp;ie=UTF-8&amp;mstk=AUtExfD9kqCLeHXiEabQvXZ6B5mQr7bZytrJCs0YNWFCZudetbRyAFuRcummExoZtCdhMmm7YAtN4KFUgaWNFbBkNZQwHdCOs5sZoDQId0xA56VuiztJPqrL6W5FzA4KUD_99SrMYIEJ7jKz-aT1a3zfa66o4ByGsxBxp8qZuTdcCM7ahkKGAPmnK7HIwv8SBRlC3ZzHWEZke12YXW1kUXNvbEzAA-qGOrrn09jIgrX4mgCLfBZG-Pbuu04HMeg4zt8v4OVPs8AbRXw8JZszxCmaZwqhiRgVO84YlzZuF5W9K8qiFw&amp;csui=3&amp;ved=2ahUKEwiF79jYubeRAxX49DgGHXPWAYkQgK4QegQIARAC\">Gaudiya Vaishnavism<\/a>, detailing the science of pure devotional service (bhakti) to Krishna, describing its stages from initial practice (s\u0101dhana-bhakti) through spiritual ecstasy (bh\u0101va-bhakti) to the highest love (prema-bhakti). It analyzes the spiritual emotions (rasas) involved, offers guidelines for devotional conduct, explains offenses to avoid, and serves as a comprehensive guide for achieving the ultimate goal of loving relationship with God, heavily drawing from the\u00a0<em>\u015ar\u012bmad-Bh\u0101gavatam<\/em>.<\/p>\n<p>The book \u201cNectar of Devotion\u201d is, as Srila Prabhupada\u2019s statement, a \u201cSummary study of Srila Rupa Goswami\u2019s \u2018Bhakti Rasamrta-sindhu&#8217;\u201d.<\/p>\n<p>The title of the book \u2018Bhakti-rasamrta-sindhu\u2019 is discussed by Srila Prabhupada in the Preface with the special reference to the word\u00a0\u2018rasa\u2019, because rasa is very difficult to translate into English. But Srila Prabhupada accepted the use of the word \u2018mellow\u2019 following Srila Bhaktisiddhanta Sarasvati, meaning \u2018the sweet taste that one derives from rendering devotional service\u2019.<\/p>\n<p>[Rasa in the highest sense is actually composed of five different types of \u2018bhava\u2019 or ecstasy. When the five types of bhava combine they produce \u2018rasa\u2019. Later on, the different five types of bhava will be discussed. We can just imagine how ecstatic rasa is if it is made of the five different types of ecstasy.<\/p>\n<p>One of the types of ecstasy is called\u00a0\u2018stayi-bhava\u2019, which means permanent ecstasy. And this permanent ecstasy will come in one of five categories: neutrality, servitorship, friendship, parental affection and conjugal love. When a person becomes established in his eternal relationship with Krsna he is continuously feeling ecstasy in one of the five types of relationships. Then the basic continuous ecstasy becomes mixed with other types of ecstasy and their combination produces rasa. The mixture of the different types of ecstasy has been<\/p>\n<p>compared to a mixture of yogurt, sugar candy, black pepper and camphor. This is exceedingly tasty.]<\/p>\n<p>Bhakti-rasa\u00a0means the sweet taste or flavour or mellow that comes from loving and serving Krsna.\u00a0Amrta\u00a0means eternal and also nectarean.\u00a0Sindhu\u00a0means ocean.\u00a0Bhakti Rasamrta-sindhu\u00a0means \u2018the nectarean ocean of the mellow or sweet taste of Bhakti\u2019, the \u2018Nectar of Devotion\u2019. The sweet taste that comes from serving Krsna with devotion. It is actually an ocean of ecstasy.<\/p>\n<p>Rupa Goswami was told by Sri Caitanya Mahaprabhu Himself: \u201cI cannot describe fully this\u00a0ocean of ecstasy, but by letting you taste a drop of it you will get an idea of the quality of this \u2018ocean\u2019.\u201d<\/p>\n<p>If there is an ocean of salt and one tastes one drop of it, he gets an idea of the entire ocean\u2019s qualities, how it looks like. Similarly it is impossible to taste completely this \u2018Bhakti rasamrta-sindhu\u2019, because it is Krsna\u2019s internal energy. But a living entity according to his \u2018capacity\u2019 can swim and dive and enjoy in this ocean.<\/p>\n","protected":false},"excerpt":{"rendered":"<p><em>Bhakti-ras\u0101m<\/em><em>\u1e5b<\/em><em>ta-sindhu<\/em>\u00a0(The Ocean of the Nectar of Devotion) by \u015ar\u012bla R\u016bpa Gosv\u0101m\u012b is\u00a0a foundational Sanskrit text in\u00a0<a href=\"https:\/\/www.google.com\/search?q=Gaudiya+Vaishnavism&amp;rlz=1C1CHBF_enIN1179IN1180&amp;oq=&amp;gs_lcrp=EgZjaHJvbWUqCQgAECMYJxjqAjIJCAAQIxgnGOoCMg8IARAjGCcY6gIYgAQYigUyDwgCECMYJxjqAhiABBiKBTIJCAMQIxgnGOoCMg8IBBAuGCcY6gIYgAQYigUyDwgFECMYJxjqAhiABBiKBTIPCAYQIxgnGOoCGIAEGIoFMg8IBxAjGCcY6gIYgAQYigXSAQkxMDk1ajBqMTWoAgiwAgHxBbRIEejUBdd0&amp;sourceid=chrome&amp;ie=UTF-8&amp;mstk=AUtExfD9kqCLeHXiEabQvXZ6B5mQr7bZytrJCs0YNWFCZudetbRyAFuRcummExoZtCdhMmm7YAtN4KFUgaWNFbBkNZQwHdCOs5sZoDQId0xA56VuiztJPqrL6W5FzA4KUD_99SrMYIEJ7jKz-aT1a3zfa66o4ByGsxBxp8qZuTdcCM7ahkKGAPmnK7HIwv8SBRlC3ZzHWEZke12YXW1kUXNvbEzAA-qGOrrn09jIgrX4mgCLfBZG-Pbuu04HMeg4zt8v4OVPs8AbRXw8JZszxCmaZwqhiRgVO84YlzZuF5W9K8qiFw&amp;csui=3&amp;ved=2ahUKEwiF79jYubeRAxX49DgGHXPWAYkQgK4QegQIARAC\">Gaudiya Vaishnavism<\/a>, detailing the science of pure devotional service (bhakti) to Krishna, describing its stages from initial practice (s\u0101dhana-bhakti) through spiritual ecstasy (bh\u0101va-bhakti) to the highest love (prema-bhakti). It analyzes the spiritual emotions (rasas) involved, offers guidelines for devotional conduct, explains offenses to avoid, and serves as a comprehensive guide for achieving the ultimate goal of loving relationship with God, heavily drawing from the\u00a0<em>\u015ar\u012bmad-Bh\u0101gavatam<\/em>.<\/p>\n","protected":false},"featured_media":559,"comment_status":"open","ping_status":"closed","template":"","meta":[],"product_brand":[],"product_cat":[18],"product_tag":[],"class_list":{"0":"post-114","1":"product","2":"type-product","3":"status-publish","4":"has-post-thumbnail","6":"product_cat-books","8":"first","9":"outofstock","10":"shipping-taxable","11":"product-type-simple"},"_links":{"self":[{"href":"https:\/\/iskconsaidapet.org\/shop\/wp-json\/wp\/v2\/product\/114","targetHints":{"allow":["GET"]}}],"collection":[{"href":"https:\/\/iskconsaidapet.org\/shop\/wp-json\/wp\/v2\/product"}],"about":[{"href":"https:\/\/iskconsaidapet.org\/shop\/wp-json\/wp\/v2\/types\/product"}],"replies":[{"embeddable":true,"href":"https:\/\/iskconsaidapet.org\/shop\/wp-json\/wp\/v2\/comments?post=114"}],"wp:featuredmedia":[{"embeddable":true,"href":"https:\/\/iskconsaidapet.org\/shop\/wp-json\/wp\/v2\/media\/559"}],"wp:attachment":[{"href":"https:\/\/iskconsaidapet.org\/shop\/wp-json\/wp\/v2\/media?parent=114"}],"wp:term":[{"taxonomy":"product_brand","embeddable":true,"href":"https:\/\/iskconsaidapet.org\/shop\/wp-json\/wp\/v2\/product_brand?post=114"},{"taxonomy":"product_cat","embeddable":true,"href":"https:\/\/iskconsaidapet.org\/shop\/wp-json\/wp\/v2\/product_cat?post=114"},{"taxonomy":"product_tag","embeddable":true,"href":"https:\/\/iskconsaidapet.org\/shop\/wp-json\/wp\/v2\/product_tag?post=114"}],"curies":[{"name":"wp","href":"https:\/\/api.w.org\/{rel}","templated":true}]}}