{"id":100,"date":"2025-12-09T19:57:08","date_gmt":"2025-12-09T19:57:08","guid":{"rendered":"https:\/\/iskconsaidapet.org\/shop\/?post_type=product&#038;p=100"},"modified":"2025-12-21T18:36:58","modified_gmt":"2025-12-21T13:06:58","slug":"the-hare-krishna-challenge-saval","status":"publish","type":"product","link":"https:\/\/iskconsaidapet.org\/shop\/product\/the-hare-krishna-challenge-saval\/","title":{"rendered":"The Hare Krishna Challenge (Saval)"},"content":{"rendered":"<p><strong data-start=\"0\" data-end=\"117\" data-is-only-node=\"\">The Hare Krishna Challenge <\/strong>\u00a0explains how chanting the <strong data-start=\"144\" data-end=\"172\">Hare Krishna mah\u0101-mantra<\/strong> is a practical solution to modern life\u2019s problems.<br data-start=\"223\" data-end=\"226\" \/>It challenges materialism, impersonalism, and blind faith using logic, scripture, and lived experience. The book presents <strong data-start=\"350\" data-end=\"365\">bhakti-yoga<\/strong> as a scientific, joyful process of self-realization accessible to everyone. Ultimately, it invites the reader to <em data-start=\"481\" data-end=\"504\">experiment personally<\/em> with chanting and experience spiritual transformation.<\/p>\n","protected":false},"excerpt":{"rendered":"<p><strong data-start=\"0\" data-end=\"117\" data-is-only-node=\"\">The Hare Krishna Challenge (\u015ar\u012bla Prabhup\u0101da\u2019s <em data-start=\"49\" data-end=\"114\">The Science of Self-Realization \/ The Challenge of Hare Krishna<\/em>)<\/strong> explains how chanting the <strong data-start=\"144\" data-end=\"172\">Hare Krishna mah\u0101-mantra<\/strong> is a practical solution to modern life\u2019s problems.<br data-start=\"223\" data-end=\"226\" \/>It challenges materialism, impersonalism, and blind faith using logic, scripture, and lived experience.<br data-start=\"329\" data-end=\"332\" \/>The book presents <strong data-start=\"350\" data-end=\"365\">bhakti-yoga<\/strong> as a scientific, joyful process of self-realization accessible to everyone.<br data-start=\"441\" data-end=\"444\" \/>Ultimately, it invites the reader to <em data-start=\"481\" data-end=\"504\">experiment personally<\/em> with chanting and experience spiritual transformation.<\/p>\n","protected":false},"featured_media":464,"comment_status":"open","ping_status":"closed","template":"","meta":[],"product_brand":[],"product_cat":[18],"product_tag":[],"class_list":{"0":"post-100","1":"product","2":"type-product","3":"status-publish","4":"has-post-thumbnail","6":"product_cat-books","8":"first","9":"instock","10":"shipping-taxable","11":"purchasable","12":"product-type-simple"},"_links":{"self":[{"href":"https:\/\/iskconsaidapet.org\/shop\/wp-json\/wp\/v2\/product\/100","targetHints":{"allow":["GET"]}}],"collection":[{"href":"https:\/\/iskconsaidapet.org\/shop\/wp-json\/wp\/v2\/product"}],"about":[{"href":"https:\/\/iskconsaidapet.org\/shop\/wp-json\/wp\/v2\/types\/product"}],"replies":[{"embeddable":true,"href":"https:\/\/iskconsaidapet.org\/shop\/wp-json\/wp\/v2\/comments?post=100"}],"wp:featuredmedia":[{"embeddable":true,"href":"https:\/\/iskconsaidapet.org\/shop\/wp-json\/wp\/v2\/media\/464"}],"wp:attachment":[{"href":"https:\/\/iskconsaidapet.org\/shop\/wp-json\/wp\/v2\/media?parent=100"}],"wp:term":[{"taxonomy":"product_brand","embeddable":true,"href":"https:\/\/iskconsaidapet.org\/shop\/wp-json\/wp\/v2\/product_brand?post=100"},{"taxonomy":"product_cat","embeddable":true,"href":"https:\/\/iskconsaidapet.org\/shop\/wp-json\/wp\/v2\/product_cat?post=100"},{"taxonomy":"product_tag","embeddable":true,"href":"https:\/\/iskconsaidapet.org\/shop\/wp-json\/wp\/v2\/product_tag?post=100"}],"curies":[{"name":"wp","href":"https:\/\/api.w.org\/{rel}","templated":true}]}}